{"id":547,"date":"2023-07-28T14:19:49","date_gmt":"2023-07-28T12:19:49","guid":{"rendered":"https:\/\/foresatechnologies.com\/politica-de-privacidad\/"},"modified":"2024-11-08T09:54:07","modified_gmt":"2024-11-08T07:54:07","slug":"politica-de-privacidad","status":"publish","type":"page","link":"https:\/\/foresatechnologies.com\/pt-pt\/politica-de-privacidad\/","title":{"rendered":"Pol\u00edtica de Privacidad"},"content":{"rendered":"\t\t<div data-elementor-type=\"wp-page\" data-elementor-id=\"547\" class=\"elementor elementor-547 elementor-3\" data-elementor-post-type=\"page\">\n\t\t\t\t<div class=\"elementor-element elementor-element-5581a516 e-flex e-con-boxed e-con e-parent\" data-id=\"5581a516\" data-element_type=\"container\" data-e-type=\"container\">\n\t\t\t\t\t<div class=\"e-con-inner\">\n\t\t\t\t<div class=\"elementor-element elementor-element-b207e06 legal elementor-widget elementor-widget-shortcode\" data-id=\"b207e06\" data-element_type=\"widget\" data-e-type=\"widget\" data-widget_type=\"shortcode.default\">\n\t\t\t\t<div class=\"elementor-widget-container\">\n\t\t\t\t\t\t\t<div class=\"elementor-shortcode\"><h2>Pol\u00edtica de Privacidade<\/h2>\r\n<p>Em conformidade com a legisla\u00e7\u00e3o em vigor sobre prote\u00e7\u00e3o de dados, Regulamento (UE) 2016\/679 do Parlamento Europeu e do Conselho de 27 de abril de 2016 (RGPD), Lei Org\u00e2nica sobre a Prote\u00e7\u00e3o de Dados Pessoais e Garantia de Direitos Digitais (LOPGDD, 3 \/2018 \u2013 Espanha), informamos sobre a Pol\u00edtica de Prote\u00e7\u00e3o de Dados Pessoais, no que diz respeito ao tratamento de dados pessoais, que abaixo pormenorizada.<\/p>\r\n\r\n<h2>Respons\u00e1vel pelo tratamento de dados pessoais<\/h2>\r\n\r\n<p>O respons\u00e1vel pelo tratamento de dados \u00e9 a pessoa jur\u00eddica que determina as finalidades e os meios de tratamento dos dados pessoais.<\/p>\r\n\r\n<p>Por outras palavras, o respons\u00e1vel pelo tratamento decide como e para que finalidades os dados pessoais s\u00e3o tratados.<\/p>\r\n\r\n<p>Para efeitos da presente Pol\u00edtica de Prote\u00e7\u00e3o de Dados, o respons\u00e1vel pelo tratamento\r\ndos dados pessoais \u00e9:<\/p>\r\n\r\n<ul>\r\n<li>Denomina\u00e7\u00e3o social: FORESA TECHNOLOGIES, S.L.U.<\/li>\r\n<li>NIF: B-94193919<\/li>\r\n<li>Inscrita no Registo Comercial de Pontevedra (Espanha), Folha PO-65699 Toma 4298 Folio 45<\/li>\r\n<li>Sede social: Avda. de Do\u00f1a Urraca no 91 (Apt. 8), cp 36650 Caldas de Reis (Pontevedra) Espanha<\/li>\r\n<li>Tel.: +34 986 05 92 00<\/li>\r\n<li>Fax: +34 986 54 08 55<\/li>\r\n<li>e-mail: privacidad@foresatechnologies.com<\/li>\r\n<\/ul>\r\n\r\n<h2>Que dados pessoais tratamos e como os protegemos?<\/h2>\r\n\r\n<p>Dados pessoais s\u00e3o quaisquer informa\u00e7\u00f5es sobre uma pessoa singular identificada ou identific\u00e1vel.<\/p>\r\n\r\n<p>Para as finalidades estabelecidas nesta Pol\u00edtica de Privacidade, o respons\u00e1vel recolhe e\r\ntrata os dados pessoais explicados em cada tipo de tratamento, e que depender\u00e3o dos\r\ndiferentes servi\u00e7os que o utilizador solicitar ou da rela\u00e7\u00e3o contratual que mant\u00e9m com\r\na nossa entidade.<\/p>\r\n\r\n<p>A nossa organiza\u00e7\u00e3o est\u00e1 empenhada em trat\u00e1-los com total confidencialidade e aplicar\r\nmedidas de seguran\u00e7a f\u00edsicas, t\u00e9cnicas e organizacionais adequadas para proteger os\r\nseus dados pessoais.<\/p>\r\n\r\n<p>O utilizador garante e \u00e9 respons\u00e1vel, em qualquer caso, pela veracidade, exatid\u00e3o,\r\nvalidade e autenticidade dos dados pessoais fornecidos e compromete-se a mant\u00ea-los\r\ndevidamente atualizados.<\/p> \r\n\r\n<h2>Processamento de dados de \u00abCandidaturas a emprego\u00bb<\/h2>\r\n\r\n<h3>1. Que tipo de dados pessoais tratamos?<\/h3>\r\n\r\n<ul>\r\n<li>Dados identificativos: nome, CC, data de nascimento, morada, telefone,\r\nendere\u00e7o de email, imagem.<\/li>\r\n<li>Dados de caracter\u00edsticas pessoais: sexo, estado civil, nacionalidade, idade, data e\r\nlocal de nascimento.<\/li>\r\n<li>Dados acad\u00e9micos e profissionais: profiss\u00e3o, cargo, experi\u00eancia, qualifica\u00e7\u00f5es.<\/li>\r\n<\/ul>\r\n\r\n<h3>2. Com que finalidade tratamos os seus dados pessoais?<\/h3>\r\n\r\n<p>Processamos os dados pessoais que nos fornece para a gest\u00e3o dos processos de sele\u00e7\u00e3o da\r\nempresa.<\/p>\r\n\r\n<p>Os dados pessoais fornecidos ser\u00e3o mantidos enquanto o interessado n\u00e3o retirar o\r\nconsentimento para continuarmos a guardar o seu curriculum vitae para futuros\r\nprocessos de sele\u00e7\u00e3o.<\/p>\r\n\r\n<p>Em qualquer caso, os CV ser\u00e3o eliminados um ano ap\u00f3s a sua\r\nsubmiss\u00e3o.<\/p>\r\n\r\n<h3>3. Qual \u00e9 a legitimidade para o tratamento dos seus dados?<\/h3>\r\n\r\n<p>A base legal para o tratamento dos seus dados \u00e9 o consentimento expresso\r\nsolicitado.<\/p>\r\n\r\n<h3>4. A que destinat\u00e1rios ser\u00e3o comunicados os seus dados?<\/h3>\r\n\r\n<p>Os seus dados poder\u00e3o ser transferidos para as empresas do grupo FINSA, grupo\r\nde empresas ao qual pertence a FORESA Empresa-m\u00e3e de FORESA TECHNOLOGIES,\r\nS.L.U.\r\ne cuja empresa-m\u00e3e do Grupo \u00e9 a FINANCIERA MADERERA, S.A, para o qual\r\n\u00e9 obtido o seu consentimento:<\/p>\r\n\r\n<h2>Empresas do grupo FINSA para as quais os seus dados poder\u00e3o ser transferidos:<\/h2>\r\n\r\n<ul>\r\n<li>FINANCIERA MADERERA, S.A<\/li>\r\n<li>BRESFOR, INDUSTRIA DO FORMOL, S.A.<\/li>\r\n<li>FORESA FRANCE, S.A.S<\/li>\r\n<li>NORFIN LOGISTICS, S.L<\/li>\r\n<li>FORESA INDUSTRIAS QUIMICAS DEL NOROESTE, S.A.<\/li>\r\n<\/ul>\r\n\r\n<p>Os seus dados pessoais n\u00e3o ser\u00e3o transferidos para nenhuma entidade externa ao grupo.<\/p>\r\n\r\n<p>O TI \u00e9 realizado nos Estados Unidos da Am\u00e9rica ao abrigo do Privacy Shield, atrav\u00e9s do\r\nprocessador de dados Google (Gsuite e Cloud Platform).<\/p>\r\n\r\n<h2>Tratamento de dados de \u00abClientes e\r\nFornecedores\u00bb<\/h2>\r\n\r\n<h3>1. Que tipo de dados pessoais tratamos?<\/h3>\r\n\r\n<ul>\r\n<li>Dados identificativos: nome, CC, morada, telefone, endere\u00e7o de email.<\/li>\r\n<li>Dados financeiros: conta banc\u00e1ria, dados do cart\u00e3o de cr\u00e9dito.<\/li>\r\n<li>Dados acad\u00e9micos e profissionais: profiss\u00e3o, cargo, experi\u00eancia, qualifica\u00e7\u00f5es.<\/li>\r\n<li>Dados relativos \u00e0s transa\u00e7\u00f5es: produtos e servi\u00e7os fornecidos.<\/li>\r\n<\/ul>\r\n\r\n<h3>2. Com que finalidade tratamos os seus dados pessoais?<\/h3>\r\n\r\n<p>Tratamos os dados pessoais que nos fornece para a gest\u00e3o dos dados dos clientes e\r\nfornecedores da empresa, para manter a rela\u00e7\u00e3o comercial, a gest\u00e3o contabil\u00edstica,\r\nadministrativa e de fatura\u00e7\u00e3o, bem como as obriga\u00e7\u00f5es fiscais.<\/p>\r\n\r\n<p>Tamb\u00e9m est\u00e1 prevista a finalidade de publicidade e prospe\u00e7\u00e3o comercial, para manter a\r\nrela\u00e7\u00e3o comercial entre as partes.<\/p>\r\n\r\n<p>Os dados pessoais fornecidos ser\u00e3o conservados enquanto a rela\u00e7\u00e3o comercial for\r\nmantida.<\/p>\r\n\r\n<p>Caso decida cancelar os seus dados pessoais, estes poder\u00e3o ser conservados nas\r\nnossas bases de dados durante os prazos previstos na lei para cumprimento de obriga\u00e7\u00f5es\r\nfiscais e contabil\u00edsticas, e ser\u00e3o eliminados uma vez expirados os referidos prazos legais ou\r\naplic\u00e1veis.<\/p>\r\n\r\n<h3>3. Qual \u00e9 a legitimidade para o tratamento dos seus dados?<\/h3>\r\n\r\n<p>A base legal para o tratamento dos seus dados \u00e9 a execu\u00e7\u00e3o de um contrato,\r\nbem como o cumprimento de uma obriga\u00e7\u00e3o legal do respons\u00e1vel.<\/p> \u00a0 \r\n\r\n<p>A comunica\u00e7\u00e3o de ofertas e promo\u00e7\u00f5es que possam ser do seu interesse baseia-se no\r\ninteresse leg\u00edtimo de manter a rela\u00e7\u00e3o comercial entre as partes.<\/p>\r\n\r\n<h3>4. A que destinat\u00e1rios ser\u00e3o comunicados os seus dados?<\/h3>\r\n\r\n<p>Informamos que os seus dados poder\u00e3o ser comunicados \u00e0 empresa-m\u00e3e de\r\nFORESA TECHNOLOGIES, S.L.U: que \u00e9 a FORESA, INDUSTRIAS\r\nQUIMICAS DEL NOROESTE, S.A.U.\r\ne \u00e0 empresa-m\u00e3e do Grupo de Empresas FINSA,\r\nque \u00e9 a FINANCIERA MADERERA, S.A ou a terceiros que prestem servi\u00e7os\r\nrelacionados com as finalidades de tratamento para as quais os dados foram\r\nrecolhidos, e sujeito ao seu consentimento quando seja necess\u00e1rio.<\/p>\r\n\r\n<p>Al\u00e9m disso, os seus dados n\u00e3o ser\u00e3o transferidos para pa\u00edses fora da Uni\u00e3o\r\nEuropeia, exceto por motivos de presta\u00e7\u00e3o de servi\u00e7os t\u00e9cnicos, como quando os\r\nservidores dos fornecedores de sistemas ou recursos tecnol\u00f3gicos est\u00e3o alojados\r\nfora da Uni\u00e3o Europeia.<\/p>\r\n\r\n<p>O TI \u00e9 realizado nos Estados Unidos da Am\u00e9rica ao abrigo\r\ndo Privacy Shield, atrav\u00e9s do processador de dados Google (Gsuite).<\/p>\r\n\r\n<p>No entanto, poder\u00e1 ceder os seus dados a terceiros se tal transfer\u00eancia for exigida por lei,\r\npor disposi\u00e7\u00e3o regulamentar ou por decis\u00e3o judicial, ou se essa divulga\u00e7\u00e3o for necess\u00e1ria\r\npara garantir a prote\u00e7\u00e3o e defesa dos seus direitos.<\/p>\r\n\r\n<p>Os seus dados pessoais n\u00e3o ser\u00e3o transferidos para nenhuma entidade, exceto aqueles\r\nque sejam necess\u00e1rios a organismos p\u00fablicos por obriga\u00e7\u00e3o legal.<\/p>\r\n\r\n<h2>Tratamento de dados de \u00abContactos e\r\npotenciais clientes\u00bb<\/h2>\r\n\r\n<h3>1. Que tipo de dados pessoais tratamos?<\/h3>\r\n\r\n<ul>\r\n<li>Dados identificativos: nome, morada, telefone, endere\u00e7o de email.<\/li>\r\n<\/ul>\r\n\r\n<h3>2. Com que finalidade tratamos os seus dados pessoais?<\/h3>\r\n\r\n<p>Tratamos os dados pessoais que nos fornece no formul\u00e1rio de contacto para a gest\u00e3o de\r\ndados de contactos comerciais e potenciais clientes.<\/p>\r\n\r\n<p>Tamb\u00e9m est\u00e1 prevista a finalidade de publicidade e prospe\u00e7\u00e3o comercial, para o qual \u00e9\r\nsolicitado o consentimento expresso do interessado.<\/p>\r\n\r\n<p>Os dados pessoais fornecidos ser\u00e3o conservados enquanto a rela\u00e7\u00e3o comercial for\r\nmantida.<\/p>\r\n\r\n<p>Caso decida cancelar os seus dados pessoais, estes ser\u00e3o eliminados da\r\nnossa base de dados de contactos.<\/p>\r\n\r\n<h3>3. Qual \u00e9 a legitimidade para o tratamento dos seus dados?<\/h3>\r\n\r\n<p>A base legal para o tratamento dos seus dados \u00e9 o consentimento expresso\r\nsolicitado.<\/p>\r\n\r\n<h3>4. A que destinat\u00e1rios ser\u00e3o comunicados os seus dados?<\/h3>\r\n\r\n<p>Os dados poder\u00e3o ser comunicados a respons\u00e1veis pelo tratamento que realizem\r\ntarefas de gest\u00e3o de envio de comunica\u00e7\u00f5es, bem como de gest\u00e3o de redes sociais.<\/p>\r\n\r\n<p>O TI \u00e9 realizado nos Estados Unidos da Am\u00e9rica ao abrigo do Privacy Shield, atrav\u00e9s do\r\nprocessador de dados Google (Gsuite).<\/p>\r\n\r\n<h2>Tratamento de dados de \u00abSeguran\u00e7a\u00bb<\/h2>\r\n\r\n<h3>1. Que tipo de dados pessoais tratamos?<\/h3>\r\n\r\n<ul>\r\n<li>Dados identificativos: nome, CC, morada, telefone, assinatura,\r\nimagem\/voz.<\/li>\r\n<\/ul>\r\n\r\n<h3>2. Com que finalidade tratamos os seus dados pessoais?<\/h3>\r\n\r\n<p>Tratamos os dados pessoais para garantir a seguran\u00e7a das instala\u00e7\u00f5es da empresa\r\natrav\u00e9s da grava\u00e7\u00e3o de imagens de v\u00eddeo (videovigil\u00e2ncia).<\/p> \u00a0 \r\n\r\n<p>Tamb\u00e9m tratamos os dados para gerir o controlo de acesso.<\/p>\r\n\r\n<p>Os dados pessoais ser\u00e3o conservados no m\u00e1ximo durante os prazos legais\r\nprevistos (um m\u00eas).<\/p>\r\n\r\n<h3>3. Qual \u00e9 a legitimidade para o tratamento dos seus dados?<\/h3>\r\n\r\n<p>A base legal para o tratamento dos seus dados \u00e9 a satisfa\u00e7\u00e3o dos interesses\r\nleg\u00edtimos prosseguidos pelo respons\u00e1vel pelo tratamento.<\/p>\r\n\r\n<h3>4. A que destinat\u00e1rios ser\u00e3o comunicados os seus dados?<\/h3>\r\n\r\n<p>Os seus dados poder\u00e3o ser comunicados \u00e0 PROTECCION E INTEGRIDAD, S.A (PROINSA),\r\nentidade respons\u00e1vel pelo tratamento dos dados de seguran\u00e7a, bem como a empresas\r\nde instala\u00e7\u00e3o e manuten\u00e7\u00e3o de servi\u00e7os de alarme e controlo de acessos.<\/p>\r\n\r\n<p>Os seus dados pessoais n\u00e3o ser\u00e3o cedidos a nenhuma entidade, exceto aqueles\r\nque sejam necess\u00e1rios \u00e0s For\u00e7as e Corpos de Seguran\u00e7a por obriga\u00e7\u00e3o legal.<\/p>\r\n\r\n<p>Tamb\u00e9m n\u00e3o est\u00e3o previstas transfer\u00eancias internacionais de dados pessoais.<\/p>\r\n\r\n<h2>Quais s\u00e3o os seus direitos quando nos fornece os seus dados?<\/h2>\r\n\r\n<p>De acordo com a legisla\u00e7\u00e3o sobre prote\u00e7\u00e3o de dados aplic\u00e1vel, tem uma s\u00e9rie de direitos\r\nem rela\u00e7\u00e3o ao tratamento dos seus dados pessoais.<\/p>\r\n\r\n<p>O exerc\u00edcio destes direitos ser\u00e1\r\ngratuito para o utilizador, exceto nos casos em que sejam feitos pedidos\r\nmanifestamente infundados ou excessivos, especialmente por serem repetitivos.<\/p>\r\n\r\n<h2><\/h2>\r\n\r\n<p>Estes direitos s\u00e3o os seguintes:<\/p>\r\n\r\n<h3>1. Direito \u00e0 informa\u00e7\u00e3o:<\/h3>\r\n\r\n<p>Tem o direito a ser informado de forma concisa,\r\ntransparente, intelig\u00edvel e facilmente acess\u00edvel, com linguagem clara e simples,\r\nsobre a utiliza\u00e7\u00e3o e tratamento dos seus dados pessoais.<\/p>\r\n\r\n<h3>2. Direito de acesso:<\/h3>\r\n\r\n<p>Tem o direito de nos solicitar, a qualquer momento, para\r\nconfirmar se estamos a tratar os seus dados pessoais, o acesso aos mesmos e\r\ninforma\u00e7\u00f5es sobre o seu tratamento e a obter uma c\u00f3pia dos referidos dados.<\/p>\r\n\r\n<p>A\r\nc\u00f3pia dos seus dados pessoais que lhe fornecermos ser\u00e1 gratuita, embora o pedido\r\nde c\u00f3pias adicionais possa estar sujeito a uma determinada taxa baseada em custos\r\nadministrativos.<\/p>\r\n\r\n<p>Da nossa parte, poderemos pedir-lhe que comprove a sua\r\nidentidade ou solicitar mais informa\u00e7\u00f5es que sejam necess\u00e1rias para processar o\r\nseu pedido.<\/p>\r\n\r\n<h3>3. Direito de retifica\u00e7\u00e3o:<\/h3>\r\n\r\n<p>Tem o direito de solicitar a retifica\u00e7\u00e3o dos dados\r\npessoais inexatos, desatualizados ou incompletos que lhe digam respeito.<\/p>\r\n\r\n<p>Tamb\u00e9m poder\u00e1 solicitar o preenchimento de dados pessoais incompletos,\r\ninclusive atrav\u00e9s de uma declara\u00e7\u00e3o adicional.<\/p>\r\n\r\n<h3>4. Direito \u00e0 elimina\u00e7\u00e3o:<\/h3>\r\n\r\n<p>Tem o direito de solicitar a elimina\u00e7\u00e3o dos seus dados\r\npessoais quando, entre outros motivos, os dados j\u00e1 n\u00e3o forem necess\u00e1rios\r\npara os fins para os quais foram recolhidos.<\/p>\r\n\r\n<p>No entanto, este direito n\u00e3o \u00e9\r\nabsoluto, pelo que a nossa organiza\u00e7\u00e3o poder\u00e1 continuar a mant\u00ea-los\r\ndevidamente bloqueados nos casos previstos na legisla\u00e7\u00e3o aplic\u00e1vel.<\/p>\r\n\r\n<h3>5. Direito a limitar o tratamento:<\/h3>\r\n\r\n<p>Tem o direito de solicitar que limitemos o tratamento\r\ndos seus dados pessoais, o que significa que poderemos continuar a armazen\u00e1-los,\r\nmas n\u00e3o continuar a trat\u00e1-los se alguma das seguintes condi\u00e7\u00f5es for cumprida:<\/p>\r\n\r\n<ul>\r\n<li>se contestar a exatid\u00e3o dos dados, durante um per\u00edodo que permita ao\r\nrespons\u00e1vel verificar a exatid\u00e3o dos mesmos;<\/li>\r\n<li>se o tratamento for il\u00edcito e o utilizador se oponha \u00e0 elimina\u00e7\u00e3o dos dados\r\ne solicite, em vez disso, a limita\u00e7\u00e3o da sua utiliza\u00e7\u00e3o;<\/li>\r\n<li>se a nossa entidade j\u00e1 n\u00e3o necessitar dos dados para efeitos de\r\ntratamento, mas o utilizador necessitar deles para a formula\u00e7\u00e3o, o\r\nexerc\u00edcio ou a defesa de reclama\u00e7\u00f5es;<\/li>\r\n<li>se o utilizador se op\u00f5e ao tratamento, enquanto se verifica se os motivos\r\nleg\u00edtimos da nossa entidade prevalecem sobre os seus.<\/li>\r\n<\/ul>\r\n\r\n<h3>6. Direito \u00e0 portabilidade dos dados:<\/h3>\r\n\r\n<p>O utilizador tem o direito de que seus dados\r\nsejam transmitidos a outro respons\u00e1vel pelo tratamento num formato estruturado,\r\ncomumente usado e leitura mec\u00e2nica.<\/p>\r\n\r\n<p>Este direito aplica-se quando o tratamento\r\ndos seus dados pessoais se baseia no consentimento ou na execu\u00e7\u00e3o de um contrato\r\ne esse tratamento \u00e9 realizado atrav\u00e9s de meios automatizados.<\/p> \u00a0 \r\n\r\n<h3>7. Direito de oposi\u00e7\u00e3o:<\/h3>\r\n\r\n<p>Este direito permite-lhe opor-se ao tratamento dos seus dados\r\npessoais, incluindo a elabora\u00e7\u00e3o de perfis.<\/p>\r\n\r\n<p>N\u00e3o poderemos atender o seu direito\r\nquando tratarmos os seus dados caso comprovemos motivos leg\u00edtimos para o\r\ntratamento ou para a formula\u00e7\u00e3o, exerc\u00edcio ou defesa de reclama\u00e7\u00f5es.<\/p>\r\n\r\n<h3>8. Direito a n\u00e3o estar sujeito a decis\u00f5es automatizadas, incluindo perfis:<\/h3>\r\n\r\n<p>Este direito\r\npermite-lhe n\u00e3o ficar sujeito a uma decis\u00e3o baseada exclusivamente no\r\ntratamento automatizado, incluindo a elabora\u00e7\u00e3o de perfis, que produza - tal\r\ndecis\u00e3o - efeitos jur\u00eddicos ou que o afete de forma semelhante.<\/p>\r\n\r\n<p>Exceto se tal\r\ndecis\u00e3o seja necess\u00e1ria para a celebra\u00e7\u00e3o ou execu\u00e7\u00e3o de um contrato, seja\r\nautorizada por lei ou se baseie no consentimento.<\/p>\r\n\r\n<h3>9. Direito a retirar o consentimento:<\/h3>\r\n\r\n<p>Caso tenhamos obtido o seu consentimento para\r\ntratar os seus dados pessoais relativamente a determinadas atividades (por\r\nexemplo, para efeitos de envio de comunica\u00e7\u00f5es comerciais), poder\u00e1 retirar o seu\r\nconsentimento a qualquer momento.<\/p>\r\n\r\n<p>Desta forma, deixaremos de realizar essa\r\natividade espec\u00edfica para a qual previamente tinha dado o seu consentimento, a\r\nmenos que exista outro motivo que justifique a continuidade do tratamento dos\r\nseus dados para estes fins, em cujo caso o notificaremos dessa situa\u00e7\u00e3o.<\/p>\r\n\r\n<h3>10. Direito a apresentar uma reclama\u00e7\u00e3o perante uma autoridade de controlo:<\/h3>\r\n\r\n<p>Tem o direito a apresentar uma reclama\u00e7\u00e3o perante a Ag\u00eancia Espanhola de Prote\u00e7\u00e3o de\r\nDados (AEPD), C\/ Jorge Juan, 6, 28001 Madrid, Espanha + 34 901 100 099 - +34 912\r\n663 517 (www.agpd.es), ou atrav\u00e9s do endere\u00e7o de email:\r\nhttps:\/\/sedeagpd.gob.es\/sede-electronica-web\/vistas\/formQuejasSugerencias\/\r\nseleccionarQuejaSugerencia.jsf<\/p>\r\n\r\n<p>Poder\u00e1 exercer os direitos acima indicados enviando-nos uma comunica\u00e7\u00e3o para o\r\nendere\u00e7o f\u00edsico ou de email indicados juntando um documento de acredita\u00e7\u00e3o da\r\nsua identidade e fornecendo os dados necess\u00e1rios para processar a sua solicita\u00e7\u00e3o.<\/p>\r\n\r\n<p>Os interessados podem obter informa\u00e7\u00f5es adicionais sobre os seus direitos no site\r\nda Ag\u00eancia Espanhola de Prote\u00e7\u00e3o de Dados, www.agpd.es.<\/p><\/div>\n\t\t\t\t\t\t<\/div>\n\t\t\t\t<\/div>\n\t\t\t\t\t<\/div>\n\t\t\t\t<\/div>\n\t\t\t\t<\/div>\n\t\t","protected":false},"excerpt":{"rendered":"","protected":false},"author":1,"featured_media":0,"parent":0,"menu_order":0,"comment_status":"closed","ping_status":"closed","template":"","meta":{"footnotes":""},"class_list":["post-547","page","type-page","status-publish","hentry"],"_links":{"self":[{"href":"https:\/\/foresatechnologies.com\/pt-pt\/wp-json\/wp\/v2\/pages\/547","targetHints":{"allow":["GET"]}}],"collection":[{"href":"https:\/\/foresatechnologies.com\/pt-pt\/wp-json\/wp\/v2\/pages"}],"about":[{"href":"https:\/\/foresatechnologies.com\/pt-pt\/wp-json\/wp\/v2\/types\/page"}],"author":[{"embeddable":true,"href":"https:\/\/foresatechnologies.com\/pt-pt\/wp-json\/wp\/v2\/users\/1"}],"replies":[{"embeddable":true,"href":"https:\/\/foresatechnologies.com\/pt-pt\/wp-json\/wp\/v2\/comments?post=547"}],"version-history":[{"count":4,"href":"https:\/\/foresatechnologies.com\/pt-pt\/wp-json\/wp\/v2\/pages\/547\/revisions"}],"predecessor-version":[{"id":1679,"href":"https:\/\/foresatechnologies.com\/pt-pt\/wp-json\/wp\/v2\/pages\/547\/revisions\/1679"}],"wp:attachment":[{"href":"https:\/\/foresatechnologies.com\/pt-pt\/wp-json\/wp\/v2\/media?parent=547"}],"curies":[{"name":"wp","href":"https:\/\/api.w.org\/{rel}","templated":true}]}}